{"id":22,"date":"2025-05-25T16:51:18","date_gmt":"2025-05-25T16:51:18","guid":{"rendered":"https:\/\/municipioactivoysocial.org\/?page_id=22"},"modified":"2025-08-17T04:49:07","modified_gmt":"2025-08-17T04:49:07","slug":"inicio","status":"publish","type":"page","link":"https:\/\/municipioactivoysocial.org\/","title":{"rendered":"Inicio"},"content":{"rendered":"\n<figure class=\"wp-block-gallery has-nested-images columns-default is-cropped wp-block-gallery-1 is-layout-flex wp-block-gallery-is-layout-flex\">\n<figure class=\"wp-block-image size-large\"><img loading=\"lazy\" decoding=\"async\" width=\"355\" height=\"355\" data-id=\"25\" src=\"https:\/\/municipioactivoysocial.org\/wp-content\/uploads\/2025\/05\/mas-logo.png\" alt=\"\" class=\"wp-image-25\" srcset=\"https:\/\/municipioactivoysocial.org\/wp-content\/uploads\/2025\/05\/mas-logo.png 355w, https:\/\/municipioactivoysocial.org\/wp-content\/uploads\/2025\/05\/mas-logo-300x300.png 300w, https:\/\/municipioactivoysocial.org\/wp-content\/uploads\/2025\/05\/mas-logo-150x150.png 150w\" sizes=\"auto, (max-width: 355px) 100vw, 355px\" \/><\/figure>\n<\/figure>\n\n\n\n<p>Municipio Activo y Social A.C. vigila y exige que los gobiernos municipales no solo cumplen con sus funciones administrativas y legales, sino que tambi\u00e9n se involucran activamente en el bienestar social de sus habitantes y promuevan la participaci\u00f3n ciudadana en la toma de decisions atravez de MAS (Municipio Activo y Social A.C.). Buscando activamente mejorar la calidad de vida de sus ciudadanos a trav\u00e9s de diversas iniciativas y proyectos sociales, y que fomenten la participaci\u00f3n de la comunidad en la gesti\u00f3n municipal.<\/p>\n\n\n\n<p>Municipio Activo y Social trabaja en colaboraci\u00f3n con empresas y todos los niveles de gobierno para lograr objetivos de bienestar para la poblacion. Municipio Activo y Social se ocupa en fomenta la participaci\u00f3n ciudadana en la construcci\u00f3n de un mejor futuro para todos y todas en cada uno de sus municipios!<\/p>\n\n\n\n<p><\/p>\n\n\n\n<figure class=\"wp-block-video\"><video height=\"160\" style=\"aspect-ratio: 400 \/ 160;\" width=\"400\" controls src=\"https:\/\/municipioactivoysocial.org\/wp-content\/uploads\/2025\/08\/cambiemos.mp4\"><\/video><\/figure>\n\n\n\n<p><strong>MAS<\/strong><\/p>\n\n\n\n<p>Busca un equilibrio entre el crecimiento econ\u00f3mico, el bienestar social y la protecci\u00f3n del medio ambiente.<br>Inclusi\u00f3n:<br>Promueve la igualdad de oportunidades y la integraci\u00f3n de todos los sectores de la poblaci\u00f3n, especialmente aquellos en situaci\u00f3n de vulnerabilidad.<\/p>\n\n\n\n<p>Transparencia y rendici\u00f3n de cuentas:<br>Informar de manera clara y accesible sobre la gesti\u00f3n municipal y los recursos p\u00fablicos.<\/p>\n\n\n\n<figure class=\"wp-block-video\"><video height=\"400\" style=\"aspect-ratio: 400 \/ 400;\" width=\"400\" controls src=\"https:\/\/municipioactivoysocial.org\/wp-content\/uploads\/2025\/08\/el-miedo.mp4\"><\/video><\/figure>\n\n\n\n<p><\/p>\n","protected":false},"excerpt":{"rendered":"<p>Municipio Activo y Social A.C. vigila y exige que los gobiernos municipales no solo cumplen con sus funciones administrativas y [&hellip;]<\/p>\n","protected":false},"author":1,"featured_media":0,"parent":0,"menu_order":0,"comment_status":"closed","ping_status":"closed","template":"","meta":{"site-sidebar-layout":"default","site-content-layout":"","ast-site-content-layout":"","site-content-style":"default","site-sidebar-style":"default","ast-global-header-display":"","ast-banner-title-visibility":"","ast-main-header-display":"","ast-hfb-above-header-display":"","ast-hfb-below-header-display":"","ast-hfb-mobile-header-display":"","site-post-title":"","ast-breadcrumbs-content":"","ast-featured-img":"","footer-sml-layout":"","theme-transparent-header-meta":"","adv-header-id-meta":"","stick-header-meta":"","header-above-stick-meta":"","header-main-stick-meta":"","header-below-stick-meta":"","astra-migrate-meta-layouts":"default","ast-page-background-enabled":"default","ast-page-background-meta":{"desktop":{"background-color":"var(--ast-global-color-5)","background-image":"","background-repeat":"repeat","background-position":"center center","background-size":"auto","background-attachment":"scroll","background-type":"","background-media":"","overlay-type":"","overlay-color":"","overlay-opacity":"","overlay-gradient":""},"tablet":{"background-color":"","background-image":"","background-repeat":"repeat","background-position":"center center","background-size":"auto","background-attachment":"scroll","background-type":"","background-media":"","overlay-type":"","overlay-color":"","overlay-opacity":"","overlay-gradient":""},"mobile":{"background-color":"","background-image":"","background-repeat":"repeat","background-position":"center center","background-size":"auto","background-attachment":"scroll","background-type":"","background-media":"","overlay-type":"","overlay-color":"","overlay-opacity":"","overlay-gradient":""}},"ast-content-background-meta":{"desktop":{"background-color":"var(--ast-global-color-4)","background-image":"","background-repeat":"repeat","background-position":"center center","background-size":"auto","background-attachment":"scroll","background-type":"","background-media":"","overlay-type":"","overlay-color":"","overlay-opacity":"","overlay-gradient":""},"tablet":{"background-color":"var(--ast-global-color-4)","background-image":"","background-repeat":"repeat","background-position":"center center","background-size":"auto","background-attachment":"scroll","background-type":"","background-media":"","overlay-type":"","overlay-color":"","overlay-opacity":"","overlay-gradient":""},"mobile":{"background-color":"var(--ast-global-color-4)","background-image":"","background-repeat":"repeat","background-position":"center center","background-size":"auto","background-attachment":"scroll","background-type":"","background-media":"","overlay-type":"","overlay-color":"","overlay-opacity":"","overlay-gradient":""}},"footnotes":""},"class_list":["post-22","page","type-page","status-publish","hentry"],"_links":{"self":[{"href":"https:\/\/municipioactivoysocial.org\/index.php\/wp-json\/wp\/v2\/pages\/22","targetHints":{"allow":["GET"]}}],"collection":[{"href":"https:\/\/municipioactivoysocial.org\/index.php\/wp-json\/wp\/v2\/pages"}],"about":[{"href":"https:\/\/municipioactivoysocial.org\/index.php\/wp-json\/wp\/v2\/types\/page"}],"author":[{"embeddable":true,"href":"https:\/\/municipioactivoysocial.org\/index.php\/wp-json\/wp\/v2\/users\/1"}],"replies":[{"embeddable":true,"href":"https:\/\/municipioactivoysocial.org\/index.php\/wp-json\/wp\/v2\/comments?post=22"}],"version-history":[{"count":21,"href":"https:\/\/municipioactivoysocial.org\/index.php\/wp-json\/wp\/v2\/pages\/22\/revisions"}],"predecessor-version":[{"id":276,"href":"https:\/\/municipioactivoysocial.org\/index.php\/wp-json\/wp\/v2\/pages\/22\/revisions\/276"}],"wp:attachment":[{"href":"https:\/\/municipioactivoysocial.org\/index.php\/wp-json\/wp\/v2\/media?parent=22"}],"curies":[{"name":"wp","href":"https:\/\/api.w.org\/{rel}","templated":true}]}}